{"id":263,"date":"2024-04-29T09:07:55","date_gmt":"2024-04-29T07:07:55","guid":{"rendered":"http:\/\/localhost\/site_cavalerie\/wordpress\/?post_type=product&#038;p=263"},"modified":"2024-09-17T13:57:06","modified_gmt":"2024-09-17T11:57:06","slug":"anakin-v2-164","status":"publish","type":"product","link":"https:\/\/cavalerie-bikes.com\/en\/product\/anakin-v2-164\/","title":{"rendered":"Anakin V2 164"},"content":{"rendered":"<p>Avec l&rsquo;Anakin V2 164,\u00a0arpentez les bike park avec un Anakin mont\u00e9 en mullet avec 170mm de d\u00e9battement \u00e0 l&rsquo;avant et 164mm \u00e0 l&rsquo;arri\u00e8re.<\/p>","protected":false},"excerpt":{"rendered":"<p>Avec l&rsquo;Anakin V2 164,\u00a0arpentez les bike park avec un Anakin mont\u00e9 en mullet avec 170mm de d\u00e9battement \u00e0 l&rsquo;avant et 164mm \u00e0 l&rsquo;arri\u00e8re.<\/p>","protected":false},"featured_media":3734,"template":"","meta":[],"product_brand":[],"product_cat":[42],"product_tag":[],"class_list":{"0":"post-263","1":"product","2":"type-product","3":"status-publish","4":"has-post-thumbnail","6":"product_cat-bike","8":"first","9":"instock","10":"taxable","11":"shipping-taxable","12":"purchasable","13":"product-type-variable","14":"has-default-attributes"},"yoast_head":"<!-- This site is optimized with the Yoast SEO plugin v24.1 - https:\/\/yoast.com\/wordpress\/plugins\/seo\/ -->\n<title>Anakin V2 164 - Cavalerie Bikes<\/title>\n<meta name=\"description\" content=\"Avec l&#039;Anakin V2 164,\u00a0arpentez les bike park avec un Anakin mont\u00e9 en mullet avec 170mm de d\u00e9battement \u00e0 l&#039;avant et 164mm \u00e0 l&#039;arri\u00e8re.\" \/>\n<meta name=\"robots\" content=\"index, follow, max-snippet:-1, max-image-preview:large, max-video-preview:-1\" \/>\n<link rel=\"canonical\" href=\"https:\/\/cavalerie-bikes.com\/en\/product\/anakin-v2-164\/\" \/>\n<meta property=\"og:locale\" content=\"en_GB\" \/>\n<meta property=\"og:type\" content=\"article\" \/>\n<meta property=\"og:title\" content=\"Anakin V2 164 - Cavalerie Bikes\" \/>\n<meta property=\"og:description\" content=\"Avec l&#039;Anakin V2 164,\u00a0arpentez les bike park avec un Anakin mont\u00e9 en mullet avec 170mm de d\u00e9battement \u00e0 l&#039;avant et 164mm \u00e0 l&#039;arri\u00e8re.\" \/>\n<meta property=\"og:url\" content=\"https:\/\/cavalerie-bikes.com\/en\/product\/anakin-v2-164\/\" \/>\n<meta property=\"og:site_name\" content=\"Cavalerie Bikes\" \/>\n<meta property=\"article:modified_time\" content=\"2024-09-17T11:57:06+00:00\" \/>\n<meta property=\"og:image\" content=\"https:\/\/cavalerie-bikes.com\/wp-content\/uploads\/2024\/04\/IMG_8444-2-1-scaled.jpg\" \/>\n\t<meta property=\"og:image:width\" content=\"2560\" \/>\n\t<meta property=\"og:image:height\" content=\"1707\" \/>\n\t<meta property=\"og:image:type\" content=\"image\/jpeg\" \/>\n<meta name=\"twitter:card\" content=\"summary_large_image\" \/>\n<meta name=\"twitter:label1\" content=\"Estimated reading time\" \/>\n\t<meta name=\"twitter:data1\" content=\"1 minute\" \/>\n<script type=\"application\/ld+json\" class=\"yoast-schema-graph\">{\"@context\":\"https:\/\/schema.org\",\"@graph\":[{\"@type\":\"WebPage\",\"@id\":\"https:\/\/cavalerie-bikes.com\/produit\/anakin-v2-164\/\",\"url\":\"https:\/\/cavalerie-bikes.com\/produit\/anakin-v2-164\/\",\"name\":\"Anakin V2 164 - Cavalerie Bikes\",\"isPartOf\":{\"@id\":\"https:\/\/cavalerie-bikes.com\/#website\"},\"primaryImageOfPage\":{\"@id\":\"https:\/\/cavalerie-bikes.com\/produit\/anakin-v2-164\/#primaryimage\"},\"image\":{\"@id\":\"https:\/\/cavalerie-bikes.com\/produit\/anakin-v2-164\/#primaryimage\"},\"thumbnailUrl\":\"https:\/\/i0.wp.com\/cavalerie-bikes.com\/wp-content\/uploads\/2024\/04\/IMG_8444-2-1-scaled.jpg?fit=2560%2C1707&ssl=1\",\"datePublished\":\"2024-04-29T07:07:55+00:00\",\"dateModified\":\"2024-09-17T11:57:06+00:00\",\"description\":\"Avec l'Anakin V2 164,\u00a0arpentez les bike park avec un Anakin mont\u00e9 en mullet avec 170mm de d\u00e9battement \u00e0 l'avant et 164mm \u00e0 l'arri\u00e8re.\",\"breadcrumb\":{\"@id\":\"https:\/\/cavalerie-bikes.com\/produit\/anakin-v2-164\/#breadcrumb\"},\"inLanguage\":\"en-GB\",\"potentialAction\":[{\"@type\":\"ReadAction\",\"target\":[\"https:\/\/cavalerie-bikes.com\/produit\/anakin-v2-164\/\"]}]},{\"@type\":\"ImageObject\",\"inLanguage\":\"en-GB\",\"@id\":\"https:\/\/cavalerie-bikes.com\/produit\/anakin-v2-164\/#primaryimage\",\"url\":\"https:\/\/i0.wp.com\/cavalerie-bikes.com\/wp-content\/uploads\/2024\/04\/IMG_8444-2-1-scaled.jpg?fit=2560%2C1707&ssl=1\",\"contentUrl\":\"https:\/\/i0.wp.com\/cavalerie-bikes.com\/wp-content\/uploads\/2024\/04\/IMG_8444-2-1-scaled.jpg?fit=2560%2C1707&ssl=1\",\"width\":2560,\"height\":1707},{\"@type\":\"BreadcrumbList\",\"@id\":\"https:\/\/cavalerie-bikes.com\/produit\/anakin-v2-164\/#breadcrumb\",\"itemListElement\":[{\"@type\":\"ListItem\",\"position\":1,\"name\":\"Accueil\",\"item\":\"https:\/\/cavalerie-bikes.com\/\"},{\"@type\":\"ListItem\",\"position\":2,\"name\":\"Boutique\",\"item\":\"https:\/\/cavalerie-bikes.com\/boutique\/\"},{\"@type\":\"ListItem\",\"position\":3,\"name\":\"Anakin V2 164\"}]},{\"@type\":\"WebSite\",\"@id\":\"https:\/\/cavalerie-bikes.com\/#website\",\"url\":\"https:\/\/cavalerie-bikes.com\/\",\"name\":\"Cavalerie Bikes\",\"description\":\"\",\"publisher\":{\"@id\":\"https:\/\/cavalerie-bikes.com\/#organization\"},\"potentialAction\":[{\"@type\":\"SearchAction\",\"target\":{\"@type\":\"EntryPoint\",\"urlTemplate\":\"https:\/\/cavalerie-bikes.com\/?s={search_term_string}\"},\"query-input\":{\"@type\":\"PropertyValueSpecification\",\"valueRequired\":true,\"valueName\":\"search_term_string\"}}],\"inLanguage\":\"en-GB\"},{\"@type\":\"Organization\",\"@id\":\"https:\/\/cavalerie-bikes.com\/#organization\",\"name\":\"Cavalerie Bikes\",\"url\":\"https:\/\/cavalerie-bikes.com\/\",\"logo\":{\"@type\":\"ImageObject\",\"inLanguage\":\"en-GB\",\"@id\":\"https:\/\/cavalerie-bikes.com\/#\/schema\/logo\/image\/\",\"url\":\"https:\/\/i0.wp.com\/cavalerie-bikes.com\/wp-content\/uploads\/2024\/06\/Logo-cavalerie-typo-blanc-bleu_Plan-de-travail-1.webp?fit=1775%2C289&ssl=1\",\"contentUrl\":\"https:\/\/i0.wp.com\/cavalerie-bikes.com\/wp-content\/uploads\/2024\/06\/Logo-cavalerie-typo-blanc-bleu_Plan-de-travail-1.webp?fit=1775%2C289&ssl=1\",\"width\":1775,\"height\":289,\"caption\":\"Cavalerie Bikes\"},\"image\":{\"@id\":\"https:\/\/cavalerie-bikes.com\/#\/schema\/logo\/image\/\"},\"sameAs\":[\"https:\/\/www.instagram.com\/cavalerie.bikes\/\",\"https:\/\/www.youtube.com\/channel\/UC-48SeshySTtteVCj743--g\",\"https:\/\/www.linkedin.com\/company\/effigear\/\"]}]}<\/script>\n<!-- \/ Yoast SEO plugin. -->","yoast_head_json":{"title":"Anakin V2 164 - Cavalerie Bikes","description":"Avec l'Anakin V2 164,\u00a0arpentez les bike park avec un Anakin mont\u00e9 en mullet avec 170mm de d\u00e9battement \u00e0 l'avant et 164mm \u00e0 l'arri\u00e8re.","robots":{"index":"index","follow":"follow","max-snippet":"max-snippet:-1","max-image-preview":"max-image-preview:large","max-video-preview":"max-video-preview:-1"},"canonical":"https:\/\/cavalerie-bikes.com\/en\/product\/anakin-v2-164\/","og_locale":"en_GB","og_type":"article","og_title":"Anakin V2 164 - Cavalerie Bikes","og_description":"Avec l'Anakin V2 164,\u00a0arpentez les bike park avec un Anakin mont\u00e9 en mullet avec 170mm de d\u00e9battement \u00e0 l'avant et 164mm \u00e0 l'arri\u00e8re.","og_url":"https:\/\/cavalerie-bikes.com\/en\/product\/anakin-v2-164\/","og_site_name":"Cavalerie Bikes","article_modified_time":"2024-09-17T11:57:06+00:00","og_image":[{"width":2560,"height":1707,"url":"https:\/\/cavalerie-bikes.com\/wp-content\/uploads\/2024\/04\/IMG_8444-2-1-scaled.jpg","type":"image\/jpeg"}],"twitter_card":"summary_large_image","twitter_misc":{"Estimated reading time":"1 minute"},"schema":{"@context":"https:\/\/schema.org","@graph":[{"@type":"WebPage","@id":"https:\/\/cavalerie-bikes.com\/produit\/anakin-v2-164\/","url":"https:\/\/cavalerie-bikes.com\/produit\/anakin-v2-164\/","name":"Anakin V2 164 - Cavalerie Bikes","isPartOf":{"@id":"https:\/\/cavalerie-bikes.com\/#website"},"primaryImageOfPage":{"@id":"https:\/\/cavalerie-bikes.com\/produit\/anakin-v2-164\/#primaryimage"},"image":{"@id":"https:\/\/cavalerie-bikes.com\/produit\/anakin-v2-164\/#primaryimage"},"thumbnailUrl":"https:\/\/i0.wp.com\/cavalerie-bikes.com\/wp-content\/uploads\/2024\/04\/IMG_8444-2-1-scaled.jpg?fit=2560%2C1707&ssl=1","datePublished":"2024-04-29T07:07:55+00:00","dateModified":"2024-09-17T11:57:06+00:00","description":"Avec l'Anakin V2 164,\u00a0arpentez les bike park avec un Anakin mont\u00e9 en mullet avec 170mm de d\u00e9battement \u00e0 l'avant et 164mm \u00e0 l'arri\u00e8re.","breadcrumb":{"@id":"https:\/\/cavalerie-bikes.com\/produit\/anakin-v2-164\/#breadcrumb"},"inLanguage":"en-GB","potentialAction":[{"@type":"ReadAction","target":["https:\/\/cavalerie-bikes.com\/produit\/anakin-v2-164\/"]}]},{"@type":"ImageObject","inLanguage":"en-GB","@id":"https:\/\/cavalerie-bikes.com\/produit\/anakin-v2-164\/#primaryimage","url":"https:\/\/i0.wp.com\/cavalerie-bikes.com\/wp-content\/uploads\/2024\/04\/IMG_8444-2-1-scaled.jpg?fit=2560%2C1707&ssl=1","contentUrl":"https:\/\/i0.wp.com\/cavalerie-bikes.com\/wp-content\/uploads\/2024\/04\/IMG_8444-2-1-scaled.jpg?fit=2560%2C1707&ssl=1","width":2560,"height":1707},{"@type":"BreadcrumbList","@id":"https:\/\/cavalerie-bikes.com\/produit\/anakin-v2-164\/#breadcrumb","itemListElement":[{"@type":"ListItem","position":1,"name":"Accueil","item":"https:\/\/cavalerie-bikes.com\/"},{"@type":"ListItem","position":2,"name":"Boutique","item":"https:\/\/cavalerie-bikes.com\/boutique\/"},{"@type":"ListItem","position":3,"name":"Anakin V2 164"}]},{"@type":"WebSite","@id":"https:\/\/cavalerie-bikes.com\/#website","url":"https:\/\/cavalerie-bikes.com\/","name":"Cavalerie Bikes","description":"","publisher":{"@id":"https:\/\/cavalerie-bikes.com\/#organization"},"potentialAction":[{"@type":"SearchAction","target":{"@type":"EntryPoint","urlTemplate":"https:\/\/cavalerie-bikes.com\/?s={search_term_string}"},"query-input":{"@type":"PropertyValueSpecification","valueRequired":true,"valueName":"search_term_string"}}],"inLanguage":"en-GB"},{"@type":"Organization","@id":"https:\/\/cavalerie-bikes.com\/#organization","name":"Cavalerie Bikes","url":"https:\/\/cavalerie-bikes.com\/","logo":{"@type":"ImageObject","inLanguage":"en-GB","@id":"https:\/\/cavalerie-bikes.com\/#\/schema\/logo\/image\/","url":"https:\/\/i0.wp.com\/cavalerie-bikes.com\/wp-content\/uploads\/2024\/06\/Logo-cavalerie-typo-blanc-bleu_Plan-de-travail-1.webp?fit=1775%2C289&ssl=1","contentUrl":"https:\/\/i0.wp.com\/cavalerie-bikes.com\/wp-content\/uploads\/2024\/06\/Logo-cavalerie-typo-blanc-bleu_Plan-de-travail-1.webp?fit=1775%2C289&ssl=1","width":1775,"height":289,"caption":"Cavalerie Bikes"},"image":{"@id":"https:\/\/cavalerie-bikes.com\/#\/schema\/logo\/image\/"},"sameAs":["https:\/\/www.instagram.com\/cavalerie.bikes\/","https:\/\/www.youtube.com\/channel\/UC-48SeshySTtteVCj743--g","https:\/\/www.linkedin.com\/company\/effigear\/"]}]}},"jetpack_sharing_enabled":true,"_links":{"self":[{"href":"https:\/\/cavalerie-bikes.com\/en\/wp-json\/wp\/v2\/product\/263","targetHints":{"allow":["GET"]}}],"collection":[{"href":"https:\/\/cavalerie-bikes.com\/en\/wp-json\/wp\/v2\/product"}],"about":[{"href":"https:\/\/cavalerie-bikes.com\/en\/wp-json\/wp\/v2\/types\/product"}],"wp:featuredmedia":[{"embeddable":true,"href":"https:\/\/cavalerie-bikes.com\/en\/wp-json\/wp\/v2\/media\/3734"}],"wp:attachment":[{"href":"https:\/\/cavalerie-bikes.com\/en\/wp-json\/wp\/v2\/media?parent=263"}],"wp:term":[{"taxonomy":"product_brand","embeddable":true,"href":"https:\/\/cavalerie-bikes.com\/en\/wp-json\/wp\/v2\/product_brand?post=263"},{"taxonomy":"product_cat","embeddable":true,"href":"https:\/\/cavalerie-bikes.com\/en\/wp-json\/wp\/v2\/product_cat?post=263"},{"taxonomy":"product_tag","embeddable":true,"href":"https:\/\/cavalerie-bikes.com\/en\/wp-json\/wp\/v2\/product_tag?post=263"}],"curies":[{"name":"wp","href":"https:\/\/api.w.org\/{rel}","templated":true}]}}