{"id":2383,"date":"2024-06-04T11:42:22","date_gmt":"2024-06-04T09:42:22","guid":{"rendered":"http:\/\/localhost\/site_cavalerie2.0\/wordpress\/?post_type=product&#038;p=2383"},"modified":"2024-06-18T12:03:11","modified_gmt":"2024-06-18T10:03:11","slug":"pignon-arriere-cnc","status":"publish","type":"product","link":"https:\/\/cavalerie-bikes.com\/en\/product\/pignon-arriere-cnc\/","title":{"rendered":"CNC rear sprocket"},"content":{"rendered":"<p>CNC 9-spline rear sprocket with anti-derailleur teeth<\/p>\n<p>(No contractual photo)<\/p>","protected":false},"excerpt":{"rendered":"<p>CNC 9-spline rear sprocket with anti-derailleur teeth<\/p>","protected":false},"featured_media":2384,"template":"","meta":[],"product_brand":[],"product_cat":[82],"product_tag":[],"class_list":{"0":"post-2383","1":"product","2":"type-product","3":"status-publish","4":"has-post-thumbnail","6":"product_cat-transmission-secondaire","8":"first","9":"instock","10":"taxable","11":"shipping-taxable","12":"purchasable","13":"product-type-variable"},"yoast_head":"<!-- This site is optimized with the Yoast SEO plugin v24.1 - https:\/\/yoast.com\/wordpress\/plugins\/seo\/ -->\n<title>Pignon arri\u00e8re CNC - Cavalerie Bikes<\/title>\n<meta name=\"robots\" content=\"index, follow, max-snippet:-1, max-image-preview:large, max-video-preview:-1\" \/>\n<link rel=\"canonical\" href=\"https:\/\/cavalerie-bikes.com\/en\/product\/pignon-arriere-cnc\/\" \/>\n<meta property=\"og:locale\" content=\"en_GB\" \/>\n<meta property=\"og:type\" content=\"article\" \/>\n<meta property=\"og:title\" content=\"Pignon arri\u00e8re CNC - Cavalerie Bikes\" \/>\n<meta property=\"og:description\" content=\"Pignon CNC Arri\u00e8re en 9-Spline avec denture anti-d\u00e9raillement\" \/>\n<meta property=\"og:url\" content=\"https:\/\/cavalerie-bikes.com\/en\/product\/pignon-arriere-cnc\/\" \/>\n<meta property=\"og:site_name\" content=\"Cavalerie Bikes\" \/>\n<meta property=\"article:modified_time\" content=\"2024-06-18T10:03:11+00:00\" \/>\n<meta property=\"og:image\" content=\"https:\/\/i0.wp.com\/cavalerie-bikes.com\/wp-content\/uploads\/2024\/06\/pignon-avantarriere-18d-9-spline.jpg?fit=800%2C800&ssl=1\" \/>\n\t<meta property=\"og:image:width\" content=\"800\" \/>\n\t<meta property=\"og:image:height\" content=\"800\" \/>\n\t<meta property=\"og:image:type\" content=\"image\/jpeg\" \/>\n<meta name=\"twitter:card\" content=\"summary_large_image\" \/>\n<meta name=\"twitter:label1\" content=\"Estimated reading time\" \/>\n\t<meta name=\"twitter:data1\" content=\"1 minute\" \/>\n<script type=\"application\/ld+json\" class=\"yoast-schema-graph\">{\"@context\":\"https:\/\/schema.org\",\"@graph\":[{\"@type\":\"WebPage\",\"@id\":\"https:\/\/cavalerie-bikes.com\/produit\/pignon-arriere-cnc\/\",\"url\":\"https:\/\/cavalerie-bikes.com\/produit\/pignon-arriere-cnc\/\",\"name\":\"Pignon arri\u00e8re CNC - Cavalerie Bikes\",\"isPartOf\":{\"@id\":\"https:\/\/cavalerie-bikes.com\/#website\"},\"primaryImageOfPage\":{\"@id\":\"https:\/\/cavalerie-bikes.com\/produit\/pignon-arriere-cnc\/#primaryimage\"},\"image\":{\"@id\":\"https:\/\/cavalerie-bikes.com\/produit\/pignon-arriere-cnc\/#primaryimage\"},\"thumbnailUrl\":\"https:\/\/i0.wp.com\/cavalerie-bikes.com\/wp-content\/uploads\/2024\/06\/pignon-avantarriere-18d-9-spline.jpg?fit=800%2C800&ssl=1\",\"datePublished\":\"2024-06-04T09:42:22+00:00\",\"dateModified\":\"2024-06-18T10:03:11+00:00\",\"breadcrumb\":{\"@id\":\"https:\/\/cavalerie-bikes.com\/produit\/pignon-arriere-cnc\/#breadcrumb\"},\"inLanguage\":\"en-GB\",\"potentialAction\":[{\"@type\":\"ReadAction\",\"target\":[\"https:\/\/cavalerie-bikes.com\/produit\/pignon-arriere-cnc\/\"]}]},{\"@type\":\"ImageObject\",\"inLanguage\":\"en-GB\",\"@id\":\"https:\/\/cavalerie-bikes.com\/produit\/pignon-arriere-cnc\/#primaryimage\",\"url\":\"https:\/\/i0.wp.com\/cavalerie-bikes.com\/wp-content\/uploads\/2024\/06\/pignon-avantarriere-18d-9-spline.jpg?fit=800%2C800&ssl=1\",\"contentUrl\":\"https:\/\/i0.wp.com\/cavalerie-bikes.com\/wp-content\/uploads\/2024\/06\/pignon-avantarriere-18d-9-spline.jpg?fit=800%2C800&ssl=1\",\"width\":800,\"height\":800},{\"@type\":\"BreadcrumbList\",\"@id\":\"https:\/\/cavalerie-bikes.com\/produit\/pignon-arriere-cnc\/#breadcrumb\",\"itemListElement\":[{\"@type\":\"ListItem\",\"position\":1,\"name\":\"Accueil\",\"item\":\"https:\/\/cavalerie-bikes.com\/\"},{\"@type\":\"ListItem\",\"position\":2,\"name\":\"Boutique\",\"item\":\"https:\/\/cavalerie-bikes.com\/boutique\/\"},{\"@type\":\"ListItem\",\"position\":3,\"name\":\"Pignon arri\u00e8re CNC\"}]},{\"@type\":\"WebSite\",\"@id\":\"https:\/\/cavalerie-bikes.com\/#website\",\"url\":\"https:\/\/cavalerie-bikes.com\/\",\"name\":\"Cavalerie Bikes\",\"description\":\"\",\"publisher\":{\"@id\":\"https:\/\/cavalerie-bikes.com\/#organization\"},\"potentialAction\":[{\"@type\":\"SearchAction\",\"target\":{\"@type\":\"EntryPoint\",\"urlTemplate\":\"https:\/\/cavalerie-bikes.com\/?s={search_term_string}\"},\"query-input\":{\"@type\":\"PropertyValueSpecification\",\"valueRequired\":true,\"valueName\":\"search_term_string\"}}],\"inLanguage\":\"en-GB\"},{\"@type\":\"Organization\",\"@id\":\"https:\/\/cavalerie-bikes.com\/#organization\",\"name\":\"Cavalerie Bikes\",\"url\":\"https:\/\/cavalerie-bikes.com\/\",\"logo\":{\"@type\":\"ImageObject\",\"inLanguage\":\"en-GB\",\"@id\":\"https:\/\/cavalerie-bikes.com\/#\/schema\/logo\/image\/\",\"url\":\"https:\/\/i0.wp.com\/cavalerie-bikes.com\/wp-content\/uploads\/2024\/06\/Logo-cavalerie-typo-blanc-bleu_Plan-de-travail-1.webp?fit=1775%2C289&ssl=1\",\"contentUrl\":\"https:\/\/i0.wp.com\/cavalerie-bikes.com\/wp-content\/uploads\/2024\/06\/Logo-cavalerie-typo-blanc-bleu_Plan-de-travail-1.webp?fit=1775%2C289&ssl=1\",\"width\":1775,\"height\":289,\"caption\":\"Cavalerie Bikes\"},\"image\":{\"@id\":\"https:\/\/cavalerie-bikes.com\/#\/schema\/logo\/image\/\"},\"sameAs\":[\"https:\/\/www.instagram.com\/cavalerie.bikes\/\",\"https:\/\/www.youtube.com\/channel\/UC-48SeshySTtteVCj743--g\",\"https:\/\/www.linkedin.com\/company\/effigear\/\"]}]}<\/script>\n<!-- \/ Yoast SEO plugin. -->","yoast_head_json":{"title":"Pignon arri\u00e8re CNC - Cavalerie Bikes","robots":{"index":"index","follow":"follow","max-snippet":"max-snippet:-1","max-image-preview":"max-image-preview:large","max-video-preview":"max-video-preview:-1"},"canonical":"https:\/\/cavalerie-bikes.com\/en\/product\/pignon-arriere-cnc\/","og_locale":"en_GB","og_type":"article","og_title":"Pignon arri\u00e8re CNC - Cavalerie Bikes","og_description":"Pignon CNC Arri\u00e8re en 9-Spline avec denture anti-d\u00e9raillement","og_url":"https:\/\/cavalerie-bikes.com\/en\/product\/pignon-arriere-cnc\/","og_site_name":"Cavalerie Bikes","article_modified_time":"2024-06-18T10:03:11+00:00","og_image":[{"width":800,"height":800,"url":"https:\/\/i0.wp.com\/cavalerie-bikes.com\/wp-content\/uploads\/2024\/06\/pignon-avantarriere-18d-9-spline.jpg?fit=800%2C800&ssl=1","type":"image\/jpeg"}],"twitter_card":"summary_large_image","twitter_misc":{"Estimated reading time":"1 minute"},"schema":{"@context":"https:\/\/schema.org","@graph":[{"@type":"WebPage","@id":"https:\/\/cavalerie-bikes.com\/produit\/pignon-arriere-cnc\/","url":"https:\/\/cavalerie-bikes.com\/produit\/pignon-arriere-cnc\/","name":"Pignon arri\u00e8re CNC - Cavalerie Bikes","isPartOf":{"@id":"https:\/\/cavalerie-bikes.com\/#website"},"primaryImageOfPage":{"@id":"https:\/\/cavalerie-bikes.com\/produit\/pignon-arriere-cnc\/#primaryimage"},"image":{"@id":"https:\/\/cavalerie-bikes.com\/produit\/pignon-arriere-cnc\/#primaryimage"},"thumbnailUrl":"https:\/\/i0.wp.com\/cavalerie-bikes.com\/wp-content\/uploads\/2024\/06\/pignon-avantarriere-18d-9-spline.jpg?fit=800%2C800&ssl=1","datePublished":"2024-06-04T09:42:22+00:00","dateModified":"2024-06-18T10:03:11+00:00","breadcrumb":{"@id":"https:\/\/cavalerie-bikes.com\/produit\/pignon-arriere-cnc\/#breadcrumb"},"inLanguage":"en-GB","potentialAction":[{"@type":"ReadAction","target":["https:\/\/cavalerie-bikes.com\/produit\/pignon-arriere-cnc\/"]}]},{"@type":"ImageObject","inLanguage":"en-GB","@id":"https:\/\/cavalerie-bikes.com\/produit\/pignon-arriere-cnc\/#primaryimage","url":"https:\/\/i0.wp.com\/cavalerie-bikes.com\/wp-content\/uploads\/2024\/06\/pignon-avantarriere-18d-9-spline.jpg?fit=800%2C800&ssl=1","contentUrl":"https:\/\/i0.wp.com\/cavalerie-bikes.com\/wp-content\/uploads\/2024\/06\/pignon-avantarriere-18d-9-spline.jpg?fit=800%2C800&ssl=1","width":800,"height":800},{"@type":"BreadcrumbList","@id":"https:\/\/cavalerie-bikes.com\/produit\/pignon-arriere-cnc\/#breadcrumb","itemListElement":[{"@type":"ListItem","position":1,"name":"Accueil","item":"https:\/\/cavalerie-bikes.com\/"},{"@type":"ListItem","position":2,"name":"Boutique","item":"https:\/\/cavalerie-bikes.com\/boutique\/"},{"@type":"ListItem","position":3,"name":"Pignon arri\u00e8re CNC"}]},{"@type":"WebSite","@id":"https:\/\/cavalerie-bikes.com\/#website","url":"https:\/\/cavalerie-bikes.com\/","name":"Cavalerie Bikes","description":"","publisher":{"@id":"https:\/\/cavalerie-bikes.com\/#organization"},"potentialAction":[{"@type":"SearchAction","target":{"@type":"EntryPoint","urlTemplate":"https:\/\/cavalerie-bikes.com\/?s={search_term_string}"},"query-input":{"@type":"PropertyValueSpecification","valueRequired":true,"valueName":"search_term_string"}}],"inLanguage":"en-GB"},{"@type":"Organization","@id":"https:\/\/cavalerie-bikes.com\/#organization","name":"Cavalerie Bikes","url":"https:\/\/cavalerie-bikes.com\/","logo":{"@type":"ImageObject","inLanguage":"en-GB","@id":"https:\/\/cavalerie-bikes.com\/#\/schema\/logo\/image\/","url":"https:\/\/i0.wp.com\/cavalerie-bikes.com\/wp-content\/uploads\/2024\/06\/Logo-cavalerie-typo-blanc-bleu_Plan-de-travail-1.webp?fit=1775%2C289&ssl=1","contentUrl":"https:\/\/i0.wp.com\/cavalerie-bikes.com\/wp-content\/uploads\/2024\/06\/Logo-cavalerie-typo-blanc-bleu_Plan-de-travail-1.webp?fit=1775%2C289&ssl=1","width":1775,"height":289,"caption":"Cavalerie Bikes"},"image":{"@id":"https:\/\/cavalerie-bikes.com\/#\/schema\/logo\/image\/"},"sameAs":["https:\/\/www.instagram.com\/cavalerie.bikes\/","https:\/\/www.youtube.com\/channel\/UC-48SeshySTtteVCj743--g","https:\/\/www.linkedin.com\/company\/effigear\/"]}]}},"jetpack_sharing_enabled":true,"_links":{"self":[{"href":"https:\/\/cavalerie-bikes.com\/en\/wp-json\/wp\/v2\/product\/2383","targetHints":{"allow":["GET"]}}],"collection":[{"href":"https:\/\/cavalerie-bikes.com\/en\/wp-json\/wp\/v2\/product"}],"about":[{"href":"https:\/\/cavalerie-bikes.com\/en\/wp-json\/wp\/v2\/types\/product"}],"wp:featuredmedia":[{"embeddable":true,"href":"https:\/\/cavalerie-bikes.com\/en\/wp-json\/wp\/v2\/media\/2384"}],"wp:attachment":[{"href":"https:\/\/cavalerie-bikes.com\/en\/wp-json\/wp\/v2\/media?parent=2383"}],"wp:term":[{"taxonomy":"product_brand","embeddable":true,"href":"https:\/\/cavalerie-bikes.com\/en\/wp-json\/wp\/v2\/product_brand?post=2383"},{"taxonomy":"product_cat","embeddable":true,"href":"https:\/\/cavalerie-bikes.com\/en\/wp-json\/wp\/v2\/product_cat?post=2383"},{"taxonomy":"product_tag","embeddable":true,"href":"https:\/\/cavalerie-bikes.com\/en\/wp-json\/wp\/v2\/product_tag?post=2383"}],"curies":[{"name":"wp","href":"https:\/\/api.w.org\/{rel}","templated":true}]}}