{"id":2536,"date":"2024-06-10T15:55:48","date_gmt":"2024-06-10T13:55:48","guid":{"rendered":"http:\/\/localhost\/site_cavalerie2.0\/wordpress\/?page_id=2536"},"modified":"2024-06-27T11:12:28","modified_gmt":"2024-06-27T09:12:28","slug":"e-bike","status":"publish","type":"page","link":"https:\/\/cavalerie-bikes.com\/en\/e-bike\/","title":{"rendered":"E-Bike"},"content":{"rendered":"<div data-elementor-type=\"wp-page\" data-elementor-id=\"2536\" class=\"elementor elementor-2536\" data-elementor-post-type=\"page\">\n\t\t\t\t<div class=\"elementor-element elementor-element-4364536 e-con-full e-flex wpr-particle-no wpr-jarallax-no wpr-parallax-no wpr-sticky-section-no e-con e-parent\" data-id=\"4364536\" data-element_type=\"container\">\n\t\t\t\t<div class=\"elementor-element elementor-element-d94953d elementor-widget elementor-widget-image\" data-id=\"d94953d\" data-element_type=\"widget\" data-widget_type=\"image.default\">\n\t\t\t\t<div class=\"elementor-widget-container\">\n\t\t\t\t\t\t\t\t\t\t\t\t\t\t\t<img fetchpriority=\"high\" decoding=\"async\" width=\"6000\" height=\"2597\" src=\"https:\/\/i0.wp.com\/cavalerie-bikes.com\/wp-content\/uploads\/2024\/06\/IMG_1554-3-2-scaled.jpg?fit=6000%2C2597&amp;ssl=1\" class=\"attachment-full size-full wp-image-2869\" alt=\"\" \/>\t\t\t\t\t\t\t\t\t\t\t\t\t\t\t<\/div>\n\t\t\t\t<\/div>\n\t\t\t\t<\/div>\n\t\t<div class=\"elementor-element elementor-element-6d3f83e e-flex e-con-boxed wpr-particle-no wpr-jarallax-no wpr-parallax-no wpr-sticky-section-no e-con e-parent\" data-id=\"6d3f83e\" data-element_type=\"container\">\n\t\t\t\t\t<div class=\"e-con-inner\">\n\t\t<div class=\"elementor-element elementor-element-140206f e-con-full e-flex wpr-particle-no wpr-jarallax-no wpr-parallax-no wpr-sticky-section-no e-con e-child\" data-id=\"140206f\" data-element_type=\"container\">\n\t\t\t\t<\/div>\n\t\t<div class=\"elementor-element elementor-element-d730232 e-con-full e-flex wpr-particle-no wpr-jarallax-no wpr-parallax-no wpr-sticky-section-no e-con e-child\" data-id=\"d730232\" data-element_type=\"container\">\n\t\t\t\t<div class=\"elementor-element elementor-element-9ade5fc elementor-widget elementor-widget-spacer\" data-id=\"9ade5fc\" data-element_type=\"widget\" data-widget_type=\"spacer.default\">\n\t\t\t\t<div class=\"elementor-widget-container\">\n\t\t\t\t\t\t\t<div class=\"elementor-spacer\">\n\t\t\t<div class=\"elementor-spacer-inner\"><\/div>\n\t\t<\/div>\n\t\t\t\t\t\t<\/div>\n\t\t\t\t<\/div>\n\t\t\t\t<div class=\"elementor-element elementor-element-29c0480 elementor-widget elementor-widget-heading\" data-id=\"29c0480\" data-element_type=\"widget\" data-widget_type=\"heading.default\">\n\t\t\t\t<div class=\"elementor-widget-container\">\n\t\t\t\t\t<h2 class=\"elementor-heading-title elementor-size-default\">The electric bike reinvented<\/h2>\t\t\t\t<\/div>\n\t\t\t\t<\/div>\n\t\t\t\t<div class=\"elementor-element elementor-element-1b91ddc elementor-widget elementor-widget-text-editor\" data-id=\"1b91ddc\" data-element_type=\"widget\" data-widget_type=\"text-editor.default\">\n\t\t\t\t<div class=\"elementor-widget-container\">\n\t\t\t\t\t\t\t\t\t<p>We are currently developing the first Cavalerie E-bike, the Rohan. <span style=\"font-weight: 400;\">It is fitted with the Val\u00e9o Cyclee system, a 48V Val\u00e9o electric motor integrated with an Effigear gearbox.<\/span><\/p>\t\t\t\t\t\t\t\t<\/div>\n\t\t\t\t<\/div>\n\t\t\t\t<\/div>\n\t\t<div class=\"elementor-element elementor-element-107d4a4 e-con-full e-flex wpr-particle-no wpr-jarallax-no wpr-parallax-no wpr-sticky-section-no e-con e-child\" data-id=\"107d4a4\" data-element_type=\"container\">\n\t\t\t\t<div class=\"elementor-element elementor-element-2f52436 elementor-widget elementor-widget-heading\" data-id=\"2f52436\" data-element_type=\"widget\" data-widget_type=\"heading.default\">\n\t\t\t\t<div class=\"elementor-widget-container\">\n\t\t\t\t\t<h2 class=\"elementor-heading-title elementor-size-default\">E-Bike<\/h2>\t\t\t\t<\/div>\n\t\t\t\t<\/div>\n\t\t\t\t<\/div>\n\t\t\t\t\t<\/div>\n\t\t\t\t<\/div>\n\t\t<div class=\"elementor-element elementor-element-b2bce1f e-flex e-con-boxed wpr-particle-no wpr-jarallax-no wpr-parallax-no wpr-sticky-section-no e-con e-parent\" data-id=\"b2bce1f\" data-element_type=\"container\">\n\t\t\t\t\t<div class=\"e-con-inner\">\n\t\t\t\t<div class=\"elementor-element elementor-element-ccad451 elementor-widget elementor-widget-spacer\" data-id=\"ccad451\" data-element_type=\"widget\" data-widget_type=\"spacer.default\">\n\t\t\t\t<div class=\"elementor-widget-container\">\n\t\t\t\t\t\t\t<div class=\"elementor-spacer\">\n\t\t\t<div class=\"elementor-spacer-inner\"><\/div>\n\t\t<\/div>\n\t\t\t\t\t\t<\/div>\n\t\t\t\t<\/div>\n\t\t\t\t\t<\/div>\n\t\t\t\t<\/div>\n\t\t<div class=\"elementor-element elementor-element-f2fda01 e-con-full e-flex wpr-particle-no wpr-jarallax-no wpr-parallax-no wpr-sticky-section-no e-con e-parent\" data-id=\"f2fda01\" data-element_type=\"container\">\n\t\t<div class=\"elementor-element elementor-element-5434e65 e-con-full e-flex wpr-particle-no wpr-jarallax-no wpr-parallax-no wpr-sticky-section-no e-con e-child\" data-id=\"5434e65\" data-element_type=\"container\">\n\t\t\t\t<div class=\"elementor-element elementor-element-dc0091f elementor-widget elementor-widget-image\" data-id=\"dc0091f\" data-element_type=\"widget\" data-widget_type=\"image.default\">\n\t\t\t\t<div class=\"elementor-widget-container\">\n\t\t\t\t\t\t\t\t\t\t\t\t\t\t\t<img decoding=\"async\" width=\"800\" height=\"534\" src=\"https:\/\/i0.wp.com\/cavalerie-bikes.com\/wp-content\/uploads\/2024\/06\/IMG_1631-1-scaled.jpg?fit=800%2C534&amp;ssl=1\" class=\"attachment-large size-large wp-image-3032\" alt=\"\" srcset=\"https:\/\/i0.wp.com\/cavalerie-bikes.com\/wp-content\/uploads\/2024\/06\/IMG_1631-1-scaled.jpg?w=2560&amp;ssl=1 2560w, https:\/\/i0.wp.com\/cavalerie-bikes.com\/wp-content\/uploads\/2024\/06\/IMG_1631-1-scaled.jpg?resize=300%2C200&amp;ssl=1 300w, https:\/\/i0.wp.com\/cavalerie-bikes.com\/wp-content\/uploads\/2024\/06\/IMG_1631-1-scaled.jpg?resize=1024%2C683&amp;ssl=1 1024w, https:\/\/i0.wp.com\/cavalerie-bikes.com\/wp-content\/uploads\/2024\/06\/IMG_1631-1-scaled.jpg?resize=768%2C512&amp;ssl=1 768w, https:\/\/i0.wp.com\/cavalerie-bikes.com\/wp-content\/uploads\/2024\/06\/IMG_1631-1-scaled.jpg?resize=1536%2C1024&amp;ssl=1 1536w, https:\/\/i0.wp.com\/cavalerie-bikes.com\/wp-content\/uploads\/2024\/06\/IMG_1631-1-scaled.jpg?resize=2048%2C1365&amp;ssl=1 2048w, https:\/\/i0.wp.com\/cavalerie-bikes.com\/wp-content\/uploads\/2024\/06\/IMG_1631-1-scaled.jpg?resize=18%2C12&amp;ssl=1 18w, https:\/\/i0.wp.com\/cavalerie-bikes.com\/wp-content\/uploads\/2024\/06\/IMG_1631-1-scaled.jpg?resize=1320%2C880&amp;ssl=1 1320w, https:\/\/i0.wp.com\/cavalerie-bikes.com\/wp-content\/uploads\/2024\/06\/IMG_1631-1-scaled.jpg?resize=600%2C400&amp;ssl=1 600w, https:\/\/i0.wp.com\/cavalerie-bikes.com\/wp-content\/uploads\/2024\/06\/IMG_1631-1-scaled.jpg?w=1600&amp;ssl=1 1600w, https:\/\/i0.wp.com\/cavalerie-bikes.com\/wp-content\/uploads\/2024\/06\/IMG_1631-1-scaled.jpg?w=2400&amp;ssl=1 2400w\" sizes=\"(max-width: 800px) 100vw, 800px\" \/>\t\t\t\t\t\t\t\t\t\t\t\t\t\t\t<\/div>\n\t\t\t\t<\/div>\n\t\t\t\t<\/div>\n\t\t<div class=\"elementor-element elementor-element-f88fbbd e-con-full e-flex wpr-particle-no wpr-jarallax-no wpr-parallax-no wpr-sticky-section-no e-con e-child\" data-id=\"f88fbbd\" data-element_type=\"container\">\n\t\t\t\t<div class=\"elementor-element elementor-element-2962a42 elementor-widget elementor-widget-image\" data-id=\"2962a42\" data-element_type=\"widget\" data-widget_type=\"image.default\">\n\t\t\t\t<div class=\"elementor-widget-container\">\n\t\t\t\t\t\t\t\t\t\t\t\t\t\t\t<img decoding=\"async\" width=\"800\" height=\"534\" src=\"https:\/\/i0.wp.com\/cavalerie-bikes.com\/wp-content\/uploads\/2024\/06\/IMG_1534-1-scaled.jpg?fit=800%2C534&amp;ssl=1\" class=\"attachment-large size-large wp-image-3030\" alt=\"\" srcset=\"https:\/\/i0.wp.com\/cavalerie-bikes.com\/wp-content\/uploads\/2024\/06\/IMG_1534-1-scaled.jpg?w=2560&amp;ssl=1 2560w, https:\/\/i0.wp.com\/cavalerie-bikes.com\/wp-content\/uploads\/2024\/06\/IMG_1534-1-scaled.jpg?resize=300%2C200&amp;ssl=1 300w, https:\/\/i0.wp.com\/cavalerie-bikes.com\/wp-content\/uploads\/2024\/06\/IMG_1534-1-scaled.jpg?resize=1024%2C683&amp;ssl=1 1024w, https:\/\/i0.wp.com\/cavalerie-bikes.com\/wp-content\/uploads\/2024\/06\/IMG_1534-1-scaled.jpg?resize=768%2C512&amp;ssl=1 768w, https:\/\/i0.wp.com\/cavalerie-bikes.com\/wp-content\/uploads\/2024\/06\/IMG_1534-1-scaled.jpg?resize=1536%2C1024&amp;ssl=1 1536w, https:\/\/i0.wp.com\/cavalerie-bikes.com\/wp-content\/uploads\/2024\/06\/IMG_1534-1-scaled.jpg?resize=2048%2C1365&amp;ssl=1 2048w, https:\/\/i0.wp.com\/cavalerie-bikes.com\/wp-content\/uploads\/2024\/06\/IMG_1534-1-scaled.jpg?resize=18%2C12&amp;ssl=1 18w, https:\/\/i0.wp.com\/cavalerie-bikes.com\/wp-content\/uploads\/2024\/06\/IMG_1534-1-scaled.jpg?resize=1320%2C880&amp;ssl=1 1320w, https:\/\/i0.wp.com\/cavalerie-bikes.com\/wp-content\/uploads\/2024\/06\/IMG_1534-1-scaled.jpg?resize=600%2C400&amp;ssl=1 600w, https:\/\/i0.wp.com\/cavalerie-bikes.com\/wp-content\/uploads\/2024\/06\/IMG_1534-1-scaled.jpg?w=1600&amp;ssl=1 1600w, https:\/\/i0.wp.com\/cavalerie-bikes.com\/wp-content\/uploads\/2024\/06\/IMG_1534-1-scaled.jpg?w=2400&amp;ssl=1 2400w\" sizes=\"(max-width: 800px) 100vw, 800px\" \/>\t\t\t\t\t\t\t\t\t\t\t\t\t\t\t<\/div>\n\t\t\t\t<\/div>\n\t\t\t\t<\/div>\n\t\t<div class=\"elementor-element elementor-element-9c7a07f e-con-full e-flex wpr-particle-no wpr-jarallax-no wpr-parallax-no wpr-sticky-section-no e-con e-child\" data-id=\"9c7a07f\" data-element_type=\"container\">\n\t\t\t\t<div class=\"elementor-element elementor-element-da5a26c elementor-widget elementor-widget-image\" data-id=\"da5a26c\" data-element_type=\"widget\" data-widget_type=\"image.default\">\n\t\t\t\t<div class=\"elementor-widget-container\">\n\t\t\t\t\t\t\t\t\t\t\t\t\t\t\t<img loading=\"lazy\" decoding=\"async\" width=\"800\" height=\"534\" src=\"https:\/\/i0.wp.com\/cavalerie-bikes.com\/wp-content\/uploads\/2024\/06\/IMG_1499-1-scaled.jpg?fit=800%2C534&amp;ssl=1\" class=\"attachment-large size-large wp-image-3033\" alt=\"\" srcset=\"https:\/\/i0.wp.com\/cavalerie-bikes.com\/wp-content\/uploads\/2024\/06\/IMG_1499-1-scaled.jpg?w=2560&amp;ssl=1 2560w, https:\/\/i0.wp.com\/cavalerie-bikes.com\/wp-content\/uploads\/2024\/06\/IMG_1499-1-scaled.jpg?resize=300%2C200&amp;ssl=1 300w, https:\/\/i0.wp.com\/cavalerie-bikes.com\/wp-content\/uploads\/2024\/06\/IMG_1499-1-scaled.jpg?resize=1024%2C683&amp;ssl=1 1024w, https:\/\/i0.wp.com\/cavalerie-bikes.com\/wp-content\/uploads\/2024\/06\/IMG_1499-1-scaled.jpg?resize=768%2C512&amp;ssl=1 768w, https:\/\/i0.wp.com\/cavalerie-bikes.com\/wp-content\/uploads\/2024\/06\/IMG_1499-1-scaled.jpg?resize=1536%2C1024&amp;ssl=1 1536w, https:\/\/i0.wp.com\/cavalerie-bikes.com\/wp-content\/uploads\/2024\/06\/IMG_1499-1-scaled.jpg?resize=2048%2C1365&amp;ssl=1 2048w, https:\/\/i0.wp.com\/cavalerie-bikes.com\/wp-content\/uploads\/2024\/06\/IMG_1499-1-scaled.jpg?resize=18%2C12&amp;ssl=1 18w, https:\/\/i0.wp.com\/cavalerie-bikes.com\/wp-content\/uploads\/2024\/06\/IMG_1499-1-scaled.jpg?resize=1320%2C880&amp;ssl=1 1320w, https:\/\/i0.wp.com\/cavalerie-bikes.com\/wp-content\/uploads\/2024\/06\/IMG_1499-1-scaled.jpg?resize=600%2C400&amp;ssl=1 600w, https:\/\/i0.wp.com\/cavalerie-bikes.com\/wp-content\/uploads\/2024\/06\/IMG_1499-1-scaled.jpg?w=1600&amp;ssl=1 1600w, https:\/\/i0.wp.com\/cavalerie-bikes.com\/wp-content\/uploads\/2024\/06\/IMG_1499-1-scaled.jpg?w=2400&amp;ssl=1 2400w\" sizes=\"(max-width: 800px) 100vw, 800px\" \/>\t\t\t\t\t\t\t\t\t\t\t\t\t\t\t<\/div>\n\t\t\t\t<\/div>\n\t\t\t\t<\/div>\n\t\t\t\t<\/div>\n\t\t<div class=\"elementor-element elementor-element-7234b5c e-flex e-con-boxed wpr-particle-no wpr-jarallax-no wpr-parallax-no wpr-sticky-section-no e-con e-parent\" data-id=\"7234b5c\" data-element_type=\"container\">\n\t\t\t\t\t<div class=\"e-con-inner\">\n\t\t\t\t<div class=\"elementor-element elementor-element-0260134 elementor-widget elementor-widget-spacer\" data-id=\"0260134\" data-element_type=\"widget\" data-widget_type=\"spacer.default\">\n\t\t\t\t<div class=\"elementor-widget-container\">\n\t\t\t\t\t\t\t<div class=\"elementor-spacer\">\n\t\t\t<div class=\"elementor-spacer-inner\"><\/div>\n\t\t<\/div>\n\t\t\t\t\t\t<\/div>\n\t\t\t\t<\/div>\n\t\t\t\t\t<\/div>\n\t\t\t\t<\/div>\n\t\t<div class=\"elementor-element elementor-element-f0a1ce6 e-flex e-con-boxed wpr-particle-no wpr-jarallax-no wpr-parallax-no wpr-sticky-section-no e-con e-parent\" data-id=\"f0a1ce6\" data-element_type=\"container\">\n\t\t\t\t\t<div class=\"e-con-inner\">\n\t\t<div class=\"elementor-element elementor-element-f7078f8 e-con-full e-flex wpr-particle-no wpr-jarallax-no wpr-parallax-no wpr-sticky-section-no e-con e-child\" data-id=\"f7078f8\" data-element_type=\"container\">\n\t\t\t\t<\/div>\n\t\t<div class=\"elementor-element elementor-element-20c1d04 e-con-full e-flex wpr-particle-no wpr-jarallax-no wpr-parallax-no wpr-sticky-section-no e-con e-child\" data-id=\"20c1d04\" data-element_type=\"container\">\n\t\t\t\t<div class=\"elementor-element elementor-element-8fa5706 elementor-widget elementor-widget-text-editor\" data-id=\"8fa5706\" data-element_type=\"widget\" data-widget_type=\"text-editor.default\">\n\t\t\t\t<div class=\"elementor-widget-container\">\n\t\t\t\t\t\t\t\t\t<p><span style=\"font-weight: 400;\">All the advantages of a gearbox coupled with an engine. Ride with the engine in automatic mode and never worry about changing gears again. The engine maintains the pedalling cadence and engages the right gear for you. It's also possible to drive in sequential mode if you're a keen driver. <\/span><\/p>\t\t\t\t\t\t\t\t<\/div>\n\t\t\t\t<\/div>\n\t\t\t\t<\/div>\n\t\t<div class=\"elementor-element elementor-element-9b40593 e-con-full e-flex wpr-particle-no wpr-jarallax-no wpr-parallax-no wpr-sticky-section-no e-con e-child\" data-id=\"9b40593\" data-element_type=\"container\">\n\t\t\t\t<\/div>\n\t\t\t\t\t<\/div>\n\t\t\t\t<\/div>\n\t\t\t\t<\/div>","protected":false},"excerpt":{"rendered":"<p>Le v\u00e9lo electrique r\u00e9invent\u00e9 Nous sommes en plein d\u00e9veloppement du premier E-bike Cavalerie, le Rohan. Il est \u00e9quip\u00e9 du syst\u00e8me Val\u00e9o Cyclee, un moteur \u00e9lectrique Val\u00e9o de 48V int\u00e9grant une boite de vitesses Effigear. E-Bike Retrouvez tous les avantages de la boite de vitesses coupl\u00e9 \u00e0 un moteur. Roulez le moteur en mode automatique et ne vous souciez plus du changement des vitesses. Le moteur maintient une cadence de p\u00e9dalage et engage la bonne vitesse pour vous. Il est possible de rouler en s\u00e9quentiel pour les amoureux du pilotage.<\/p>","protected":false},"author":1,"featured_media":0,"parent":0,"menu_order":0,"comment_status":"closed","ping_status":"closed","template":"","meta":{"footnotes":""},"class_list":["post-2536","page","type-page","status-publish","hentry"],"yoast_head":"<!-- This site is optimized with the Yoast SEO plugin v24.1 - https:\/\/yoast.com\/wordpress\/plugins\/seo\/ -->\n<title>E-Bike - Cavalerie Bikes<\/title>\n<meta name=\"description\" content=\"D\u00e9couvrez le Rohan, le premier E-bike Cavalerie en cours de d\u00e9veloppement. \u00c9quip\u00e9 du Val\u00e9o Cyclee, d&#039;un moteur Val\u00e9o et d&#039;une bo\u00eete de vitesses Effigear.\" \/>\n<meta name=\"robots\" content=\"index, follow, max-snippet:-1, max-image-preview:large, max-video-preview:-1\" \/>\n<link rel=\"canonical\" href=\"https:\/\/cavalerie-bikes.com\/en\/e-bike\/\" \/>\n<meta property=\"og:locale\" content=\"en_GB\" \/>\n<meta property=\"og:type\" content=\"article\" \/>\n<meta property=\"og:title\" content=\"E-Bike - Cavalerie Bikes\" \/>\n<meta property=\"og:description\" content=\"D\u00e9couvrez le Rohan, le premier E-bike Cavalerie en cours de d\u00e9veloppement. \u00c9quip\u00e9 du Val\u00e9o Cyclee, d&#039;un moteur Val\u00e9o et d&#039;une bo\u00eete de vitesses Effigear.\" \/>\n<meta property=\"og:url\" content=\"https:\/\/cavalerie-bikes.com\/en\/e-bike\/\" \/>\n<meta property=\"og:site_name\" content=\"Cavalerie Bikes\" \/>\n<meta property=\"article:modified_time\" content=\"2024-06-27T09:12:28+00:00\" \/>\n<meta property=\"og:image\" content=\"http:\/\/lxfxkrb.cluster023.hosting.ovh.net\/wp-content\/uploads\/2024\/06\/IMG_1554-3-2-scaled.jpg\" \/>\n<meta name=\"twitter:card\" content=\"summary_large_image\" \/>\n<meta name=\"twitter:label1\" content=\"Estimated reading time\" \/>\n\t<meta name=\"twitter:data1\" content=\"2 minutes\" \/>\n<script type=\"application\/ld+json\" class=\"yoast-schema-graph\">{\"@context\":\"https:\/\/schema.org\",\"@graph\":[{\"@type\":\"WebPage\",\"@id\":\"https:\/\/cavalerie-bikes.com\/e-bike\/\",\"url\":\"https:\/\/cavalerie-bikes.com\/e-bike\/\",\"name\":\"E-Bike - Cavalerie Bikes\",\"isPartOf\":{\"@id\":\"https:\/\/cavalerie-bikes.com\/#website\"},\"primaryImageOfPage\":{\"@id\":\"https:\/\/cavalerie-bikes.com\/e-bike\/#primaryimage\"},\"image\":{\"@id\":\"https:\/\/cavalerie-bikes.com\/e-bike\/#primaryimage\"},\"thumbnailUrl\":\"http:\/\/lxfxkrb.cluster023.hosting.ovh.net\/wp-content\/uploads\/2024\/06\/IMG_1554-3-2-scaled.jpg\",\"datePublished\":\"2024-06-10T13:55:48+00:00\",\"dateModified\":\"2024-06-27T09:12:28+00:00\",\"description\":\"D\u00e9couvrez le Rohan, le premier E-bike Cavalerie en cours de d\u00e9veloppement. \u00c9quip\u00e9 du Val\u00e9o Cyclee, d'un moteur Val\u00e9o et d'une bo\u00eete de vitesses Effigear.\",\"breadcrumb\":{\"@id\":\"https:\/\/cavalerie-bikes.com\/e-bike\/#breadcrumb\"},\"inLanguage\":\"en-GB\",\"potentialAction\":[{\"@type\":\"ReadAction\",\"target\":[\"https:\/\/cavalerie-bikes.com\/e-bike\/\"]}]},{\"@type\":\"ImageObject\",\"inLanguage\":\"en-GB\",\"@id\":\"https:\/\/cavalerie-bikes.com\/e-bike\/#primaryimage\",\"url\":\"http:\/\/lxfxkrb.cluster023.hosting.ovh.net\/wp-content\/uploads\/2024\/06\/IMG_1554-3-2-scaled.jpg\",\"contentUrl\":\"http:\/\/lxfxkrb.cluster023.hosting.ovh.net\/wp-content\/uploads\/2024\/06\/IMG_1554-3-2-scaled.jpg\"},{\"@type\":\"BreadcrumbList\",\"@id\":\"https:\/\/cavalerie-bikes.com\/e-bike\/#breadcrumb\",\"itemListElement\":[{\"@type\":\"ListItem\",\"position\":1,\"name\":\"Accueil\",\"item\":\"https:\/\/cavalerie-bikes.com\/\"},{\"@type\":\"ListItem\",\"position\":2,\"name\":\"E-Bike\"}]},{\"@type\":\"WebSite\",\"@id\":\"https:\/\/cavalerie-bikes.com\/#website\",\"url\":\"https:\/\/cavalerie-bikes.com\/\",\"name\":\"Cavalerie Bikes\",\"description\":\"\",\"publisher\":{\"@id\":\"https:\/\/cavalerie-bikes.com\/#organization\"},\"potentialAction\":[{\"@type\":\"SearchAction\",\"target\":{\"@type\":\"EntryPoint\",\"urlTemplate\":\"https:\/\/cavalerie-bikes.com\/?s={search_term_string}\"},\"query-input\":{\"@type\":\"PropertyValueSpecification\",\"valueRequired\":true,\"valueName\":\"search_term_string\"}}],\"inLanguage\":\"en-GB\"},{\"@type\":\"Organization\",\"@id\":\"https:\/\/cavalerie-bikes.com\/#organization\",\"name\":\"Cavalerie Bikes\",\"url\":\"https:\/\/cavalerie-bikes.com\/\",\"logo\":{\"@type\":\"ImageObject\",\"inLanguage\":\"en-GB\",\"@id\":\"https:\/\/cavalerie-bikes.com\/#\/schema\/logo\/image\/\",\"url\":\"https:\/\/i0.wp.com\/cavalerie-bikes.com\/wp-content\/uploads\/2024\/06\/Logo-cavalerie-typo-blanc-bleu_Plan-de-travail-1.webp?fit=1775%2C289&ssl=1\",\"contentUrl\":\"https:\/\/i0.wp.com\/cavalerie-bikes.com\/wp-content\/uploads\/2024\/06\/Logo-cavalerie-typo-blanc-bleu_Plan-de-travail-1.webp?fit=1775%2C289&ssl=1\",\"width\":1775,\"height\":289,\"caption\":\"Cavalerie Bikes\"},\"image\":{\"@id\":\"https:\/\/cavalerie-bikes.com\/#\/schema\/logo\/image\/\"},\"sameAs\":[\"https:\/\/www.instagram.com\/cavalerie.bikes\/\",\"https:\/\/www.youtube.com\/channel\/UC-48SeshySTtteVCj743--g\",\"https:\/\/www.linkedin.com\/company\/effigear\/\"]}]}<\/script>\n<!-- \/ Yoast SEO plugin. -->","yoast_head_json":{"title":"E-Bike - Cavalerie Bikes","description":"D\u00e9couvrez le Rohan, le premier E-bike Cavalerie en cours de d\u00e9veloppement. \u00c9quip\u00e9 du Val\u00e9o Cyclee, d'un moteur Val\u00e9o et d'une bo\u00eete de vitesses Effigear.","robots":{"index":"index","follow":"follow","max-snippet":"max-snippet:-1","max-image-preview":"max-image-preview:large","max-video-preview":"max-video-preview:-1"},"canonical":"https:\/\/cavalerie-bikes.com\/en\/e-bike\/","og_locale":"en_GB","og_type":"article","og_title":"E-Bike - Cavalerie Bikes","og_description":"D\u00e9couvrez le Rohan, le premier E-bike Cavalerie en cours de d\u00e9veloppement. \u00c9quip\u00e9 du Val\u00e9o Cyclee, d'un moteur Val\u00e9o et d'une bo\u00eete de vitesses Effigear.","og_url":"https:\/\/cavalerie-bikes.com\/en\/e-bike\/","og_site_name":"Cavalerie Bikes","article_modified_time":"2024-06-27T09:12:28+00:00","og_image":[{"url":"http:\/\/lxfxkrb.cluster023.hosting.ovh.net\/wp-content\/uploads\/2024\/06\/IMG_1554-3-2-scaled.jpg","type":"","width":"","height":""}],"twitter_card":"summary_large_image","twitter_misc":{"Estimated reading time":"2 minutes"},"schema":{"@context":"https:\/\/schema.org","@graph":[{"@type":"WebPage","@id":"https:\/\/cavalerie-bikes.com\/e-bike\/","url":"https:\/\/cavalerie-bikes.com\/e-bike\/","name":"E-Bike - Cavalerie Bikes","isPartOf":{"@id":"https:\/\/cavalerie-bikes.com\/#website"},"primaryImageOfPage":{"@id":"https:\/\/cavalerie-bikes.com\/e-bike\/#primaryimage"},"image":{"@id":"https:\/\/cavalerie-bikes.com\/e-bike\/#primaryimage"},"thumbnailUrl":"http:\/\/lxfxkrb.cluster023.hosting.ovh.net\/wp-content\/uploads\/2024\/06\/IMG_1554-3-2-scaled.jpg","datePublished":"2024-06-10T13:55:48+00:00","dateModified":"2024-06-27T09:12:28+00:00","description":"D\u00e9couvrez le Rohan, le premier E-bike Cavalerie en cours de d\u00e9veloppement. \u00c9quip\u00e9 du Val\u00e9o Cyclee, d'un moteur Val\u00e9o et d'une bo\u00eete de vitesses Effigear.","breadcrumb":{"@id":"https:\/\/cavalerie-bikes.com\/e-bike\/#breadcrumb"},"inLanguage":"en-GB","potentialAction":[{"@type":"ReadAction","target":["https:\/\/cavalerie-bikes.com\/e-bike\/"]}]},{"@type":"ImageObject","inLanguage":"en-GB","@id":"https:\/\/cavalerie-bikes.com\/e-bike\/#primaryimage","url":"http:\/\/lxfxkrb.cluster023.hosting.ovh.net\/wp-content\/uploads\/2024\/06\/IMG_1554-3-2-scaled.jpg","contentUrl":"http:\/\/lxfxkrb.cluster023.hosting.ovh.net\/wp-content\/uploads\/2024\/06\/IMG_1554-3-2-scaled.jpg"},{"@type":"BreadcrumbList","@id":"https:\/\/cavalerie-bikes.com\/e-bike\/#breadcrumb","itemListElement":[{"@type":"ListItem","position":1,"name":"Accueil","item":"https:\/\/cavalerie-bikes.com\/"},{"@type":"ListItem","position":2,"name":"E-Bike"}]},{"@type":"WebSite","@id":"https:\/\/cavalerie-bikes.com\/#website","url":"https:\/\/cavalerie-bikes.com\/","name":"Cavalerie Bikes","description":"","publisher":{"@id":"https:\/\/cavalerie-bikes.com\/#organization"},"potentialAction":[{"@type":"SearchAction","target":{"@type":"EntryPoint","urlTemplate":"https:\/\/cavalerie-bikes.com\/?s={search_term_string}"},"query-input":{"@type":"PropertyValueSpecification","valueRequired":true,"valueName":"search_term_string"}}],"inLanguage":"en-GB"},{"@type":"Organization","@id":"https:\/\/cavalerie-bikes.com\/#organization","name":"Cavalerie Bikes","url":"https:\/\/cavalerie-bikes.com\/","logo":{"@type":"ImageObject","inLanguage":"en-GB","@id":"https:\/\/cavalerie-bikes.com\/#\/schema\/logo\/image\/","url":"https:\/\/i0.wp.com\/cavalerie-bikes.com\/wp-content\/uploads\/2024\/06\/Logo-cavalerie-typo-blanc-bleu_Plan-de-travail-1.webp?fit=1775%2C289&ssl=1","contentUrl":"https:\/\/i0.wp.com\/cavalerie-bikes.com\/wp-content\/uploads\/2024\/06\/Logo-cavalerie-typo-blanc-bleu_Plan-de-travail-1.webp?fit=1775%2C289&ssl=1","width":1775,"height":289,"caption":"Cavalerie Bikes"},"image":{"@id":"https:\/\/cavalerie-bikes.com\/#\/schema\/logo\/image\/"},"sameAs":["https:\/\/www.instagram.com\/cavalerie.bikes\/","https:\/\/www.youtube.com\/channel\/UC-48SeshySTtteVCj743--g","https:\/\/www.linkedin.com\/company\/effigear\/"]}]}},"jetpack_sharing_enabled":true,"_links":{"self":[{"href":"https:\/\/cavalerie-bikes.com\/en\/wp-json\/wp\/v2\/pages\/2536","targetHints":{"allow":["GET"]}}],"collection":[{"href":"https:\/\/cavalerie-bikes.com\/en\/wp-json\/wp\/v2\/pages"}],"about":[{"href":"https:\/\/cavalerie-bikes.com\/en\/wp-json\/wp\/v2\/types\/page"}],"author":[{"embeddable":true,"href":"https:\/\/cavalerie-bikes.com\/en\/wp-json\/wp\/v2\/users\/1"}],"replies":[{"embeddable":true,"href":"https:\/\/cavalerie-bikes.com\/en\/wp-json\/wp\/v2\/comments?post=2536"}],"version-history":[{"count":55,"href":"https:\/\/cavalerie-bikes.com\/en\/wp-json\/wp\/v2\/pages\/2536\/revisions"}],"predecessor-version":[{"id":3330,"href":"https:\/\/cavalerie-bikes.com\/en\/wp-json\/wp\/v2\/pages\/2536\/revisions\/3330"}],"wp:attachment":[{"href":"https:\/\/cavalerie-bikes.com\/en\/wp-json\/wp\/v2\/media?parent=2536"}],"curies":[{"name":"wp","href":"https:\/\/api.w.org\/{rel}","templated":true}]}}