{"id":23,"date":"2024-04-25T11:49:14","date_gmt":"2024-04-25T09:49:14","guid":{"rendered":"http:\/\/localhost\/site_cavalerie\/wordpress\/mon-compte\/"},"modified":"2024-06-26T09:16:16","modified_gmt":"2024-06-26T07:16:16","slug":"mon-compte","status":"publish","type":"page","link":"https:\/\/cavalerie-bikes.com\/en\/mon-compte\/","title":{"rendered":"My account"},"content":{"rendered":"<div data-elementor-type=\"wp-page\" data-elementor-id=\"23\" class=\"elementor elementor-23\" data-elementor-post-type=\"page\">\n\t\t\t\t<div class=\"elementor-element elementor-element-acccc83 e-flex e-con-boxed wpr-particle-no wpr-jarallax-no wpr-parallax-no wpr-sticky-section-no e-con e-parent\" data-id=\"acccc83\" data-element_type=\"container\">\n\t\t\t\t\t<div class=\"e-con-inner\">\n\t\t\t\t<div class=\"elementor-element elementor-element-a2ce4ee elementor-widget elementor-widget-spacer\" data-id=\"a2ce4ee\" data-element_type=\"widget\" data-widget_type=\"spacer.default\">\n\t\t\t\t<div class=\"elementor-widget-container\">\n\t\t\t\t\t\t\t<div class=\"elementor-spacer\">\n\t\t\t<div class=\"elementor-spacer-inner\"><\/div>\n\t\t<\/div>\n\t\t\t\t\t\t<\/div>\n\t\t\t\t<\/div>\n\t\t\t\t\t<\/div>\n\t\t\t\t<\/div>\n\t\t<div class=\"elementor-element elementor-element-c917bc0 e-con-full e-flex wpr-particle-no wpr-jarallax-no wpr-parallax-no wpr-sticky-section-no e-con e-parent\" data-id=\"c917bc0\" data-element_type=\"container\">\n\t\t<div class=\"elementor-element elementor-element-8bc2efd e-con-full e-flex wpr-particle-no wpr-jarallax-no wpr-parallax-no wpr-sticky-section-no e-con e-child\" data-id=\"8bc2efd\" data-element_type=\"container\">\n\t\t\t\t<\/div>\n\t\t<div class=\"elementor-element elementor-element-fc66bf3 e-con-full e-flex wpr-particle-no wpr-jarallax-no wpr-parallax-no wpr-sticky-section-no e-con e-child\" data-id=\"fc66bf3\" data-element_type=\"container\">\n\t\t\t\t<div class=\"elementor-element elementor-element-a56ec65 elementor-widget elementor-widget-spacer\" data-id=\"a56ec65\" data-element_type=\"widget\" data-widget_type=\"spacer.default\">\n\t\t\t\t<div class=\"elementor-widget-container\">\n\t\t\t\t\t\t\t<div class=\"elementor-spacer\">\n\t\t\t<div class=\"elementor-spacer-inner\"><\/div>\n\t\t<\/div>\n\t\t\t\t\t\t<\/div>\n\t\t\t\t<\/div>\n\t\t\t\t<div class=\"elementor-element elementor-element-fb4af4d elementor-widget elementor-widget-spacer\" data-id=\"fb4af4d\" data-element_type=\"widget\" data-widget_type=\"spacer.default\">\n\t\t\t\t<div class=\"elementor-widget-container\">\n\t\t\t\t\t\t\t<div class=\"elementor-spacer\">\n\t\t\t<div class=\"elementor-spacer-inner\"><\/div>\n\t\t<\/div>\n\t\t\t\t\t\t<\/div>\n\t\t\t\t<\/div>\n\t\t\t\t<\/div>\n\t\t<div class=\"elementor-element elementor-element-4292b2f e-con-full e-flex wpr-particle-no wpr-jarallax-no wpr-parallax-no wpr-sticky-section-no e-con e-child\" data-id=\"4292b2f\" data-element_type=\"container\">\n\t\t\t\t<div class=\"elementor-element elementor-element-131b3b4 elementor-widget elementor-widget-heading\" data-id=\"131b3b4\" data-element_type=\"widget\" data-widget_type=\"heading.default\">\n\t\t\t\t<div class=\"elementor-widget-container\">\n\t\t\t\t\t<h2 class=\"elementor-heading-title elementor-size-default\">My account<\/h2>\t\t\t\t<\/div>\n\t\t\t\t<\/div>\n\t\t\t\t<\/div>\n\t\t\t\t<\/div>\n\t\t<div class=\"elementor-element elementor-element-4304dc8 e-flex e-con-boxed wpr-particle-no wpr-jarallax-no wpr-parallax-no wpr-sticky-section-no e-con e-parent\" data-id=\"4304dc8\" data-element_type=\"container\" data-settings=\"{&quot;background_background&quot;:&quot;classic&quot;}\">\n\t\t\t\t\t<div class=\"e-con-inner\">\n\t\t\t\t<div class=\"elementor-element elementor-element-cb05271 e-my-account-tabs-vertical elementor-widget elementor-widget-woocommerce-my-account\" data-id=\"cb05271\" data-element_type=\"widget\" data-widget_type=\"woocommerce-my-account.default\">\n\t\t\t\t<div class=\"elementor-widget-container\">\n\t\t\t\t\t<div class=\"e-my-account-tab e-my-account-tab__\">\t\t\t<div class=\"woocommerce\"><\/div>\t\t<\/div>\n\t\t\t\t\t\t<\/div>\n\t\t\t\t<\/div>\n\t\t\t\t\t<\/div>\n\t\t\t\t<\/div>\n\t\t\t\t<\/div>","protected":false},"excerpt":{"rendered":"<p>Mon compte Tableau de bord Commandes T\u00e9l\u00e9chargements Adresses D\u00e9tails du compte D\u00e9connexion Wishlist Bonjour vincent.lecornu@effigear.com (vous n\u2019\u00eates pas vincent.lecornu@effigear.com\u00a0? D\u00e9connexion) \u00c0 partir du tableau de bord de votre compte, vous pouvez visualiser vos commandes r\u00e9centes, g\u00e9rer vos adresses de livraison et de facturation ainsi que changer votre mot de passe et les d\u00e9tails de votre compte.<\/p>","protected":false},"author":1,"featured_media":0,"parent":0,"menu_order":0,"comment_status":"closed","ping_status":"closed","template":"","meta":{"footnotes":""},"class_list":["post-23","page","type-page","status-publish","hentry"],"yoast_head":"<!-- This site is optimized with the Yoast SEO plugin v24.1 - https:\/\/yoast.com\/wordpress\/plugins\/seo\/ -->\n<title>Mon compte - Cavalerie Bikes<\/title>\n<meta name=\"robots\" content=\"noindex, follow\" \/>\n<meta property=\"og:locale\" content=\"en_GB\" \/>\n<meta property=\"og:type\" content=\"article\" \/>\n<meta property=\"og:title\" content=\"Mon compte - Cavalerie Bikes\" \/>\n<meta property=\"og:description\" content=\"Mon compte Tableau de bord Commandes T\u00e9l\u00e9chargements Adresses D\u00e9tails du compte D\u00e9connexion Wishlist Bonjour vincent.lecornu@effigear.com (vous n\u2019\u00eates pas vincent.lecornu@effigear.com\u00a0? D\u00e9connexion) \u00c0 partir du tableau de bord de votre compte, vous pouvez visualiser vos commandes r\u00e9centes, g\u00e9rer vos adresses de livraison et de facturation ainsi que changer votre mot de passe et les d\u00e9tails de votre compte.\" \/>\n<meta property=\"og:url\" content=\"https:\/\/cavalerie-bikes.com\/en\/mon-compte\/\" \/>\n<meta property=\"og:site_name\" content=\"Cavalerie Bikes\" \/>\n<meta property=\"article:modified_time\" content=\"2024-06-26T07:16:16+00:00\" \/>\n<meta name=\"twitter:card\" content=\"summary_large_image\" \/>\n<meta name=\"twitter:label1\" content=\"Estimated reading time\" \/>\n\t<meta name=\"twitter:data1\" content=\"1 minute\" \/>\n<script type=\"application\/ld+json\" class=\"yoast-schema-graph\">{\"@context\":\"https:\/\/schema.org\",\"@graph\":[{\"@type\":\"WebPage\",\"@id\":\"https:\/\/cavalerie-bikes.com\/mon-compte\/\",\"url\":\"https:\/\/cavalerie-bikes.com\/mon-compte\/\",\"name\":\"Mon compte - Cavalerie Bikes\",\"isPartOf\":{\"@id\":\"https:\/\/cavalerie-bikes.com\/#website\"},\"datePublished\":\"2024-04-25T09:49:14+00:00\",\"dateModified\":\"2024-06-26T07:16:16+00:00\",\"breadcrumb\":{\"@id\":\"https:\/\/cavalerie-bikes.com\/mon-compte\/#breadcrumb\"},\"inLanguage\":\"en-GB\",\"potentialAction\":[{\"@type\":\"ReadAction\",\"target\":[\"https:\/\/cavalerie-bikes.com\/mon-compte\/\"]}]},{\"@type\":\"BreadcrumbList\",\"@id\":\"https:\/\/cavalerie-bikes.com\/mon-compte\/#breadcrumb\",\"itemListElement\":[{\"@type\":\"ListItem\",\"position\":1,\"name\":\"Accueil\",\"item\":\"https:\/\/cavalerie-bikes.com\/\"},{\"@type\":\"ListItem\",\"position\":2,\"name\":\"Mon compte\"}]},{\"@type\":\"WebSite\",\"@id\":\"https:\/\/cavalerie-bikes.com\/#website\",\"url\":\"https:\/\/cavalerie-bikes.com\/\",\"name\":\"Cavalerie Bikes\",\"description\":\"\",\"publisher\":{\"@id\":\"https:\/\/cavalerie-bikes.com\/#organization\"},\"potentialAction\":[{\"@type\":\"SearchAction\",\"target\":{\"@type\":\"EntryPoint\",\"urlTemplate\":\"https:\/\/cavalerie-bikes.com\/?s={search_term_string}\"},\"query-input\":{\"@type\":\"PropertyValueSpecification\",\"valueRequired\":true,\"valueName\":\"search_term_string\"}}],\"inLanguage\":\"en-GB\"},{\"@type\":\"Organization\",\"@id\":\"https:\/\/cavalerie-bikes.com\/#organization\",\"name\":\"Cavalerie Bikes\",\"url\":\"https:\/\/cavalerie-bikes.com\/\",\"logo\":{\"@type\":\"ImageObject\",\"inLanguage\":\"en-GB\",\"@id\":\"https:\/\/cavalerie-bikes.com\/#\/schema\/logo\/image\/\",\"url\":\"https:\/\/i0.wp.com\/cavalerie-bikes.com\/wp-content\/uploads\/2024\/06\/Logo-cavalerie-typo-blanc-bleu_Plan-de-travail-1.webp?fit=1775%2C289&ssl=1\",\"contentUrl\":\"https:\/\/i0.wp.com\/cavalerie-bikes.com\/wp-content\/uploads\/2024\/06\/Logo-cavalerie-typo-blanc-bleu_Plan-de-travail-1.webp?fit=1775%2C289&ssl=1\",\"width\":1775,\"height\":289,\"caption\":\"Cavalerie Bikes\"},\"image\":{\"@id\":\"https:\/\/cavalerie-bikes.com\/#\/schema\/logo\/image\/\"},\"sameAs\":[\"https:\/\/www.instagram.com\/cavalerie.bikes\/\",\"https:\/\/www.youtube.com\/channel\/UC-48SeshySTtteVCj743--g\",\"https:\/\/www.linkedin.com\/company\/effigear\/\"]}]}<\/script>\n<!-- \/ Yoast SEO plugin. -->","yoast_head_json":{"title":"Mon compte - Cavalerie Bikes","robots":{"index":"noindex","follow":"follow"},"og_locale":"en_GB","og_type":"article","og_title":"Mon compte - Cavalerie Bikes","og_description":"Mon compte Tableau de bord Commandes T\u00e9l\u00e9chargements Adresses D\u00e9tails du compte D\u00e9connexion Wishlist Bonjour vincent.lecornu@effigear.com (vous n\u2019\u00eates pas vincent.lecornu@effigear.com\u00a0? D\u00e9connexion) \u00c0 partir du tableau de bord de votre compte, vous pouvez visualiser vos commandes r\u00e9centes, g\u00e9rer vos adresses de livraison et de facturation ainsi que changer votre mot de passe et les d\u00e9tails de votre compte.","og_url":"https:\/\/cavalerie-bikes.com\/en\/mon-compte\/","og_site_name":"Cavalerie Bikes","article_modified_time":"2024-06-26T07:16:16+00:00","twitter_card":"summary_large_image","twitter_misc":{"Estimated reading time":"1 minute"},"schema":{"@context":"https:\/\/schema.org","@graph":[{"@type":"WebPage","@id":"https:\/\/cavalerie-bikes.com\/mon-compte\/","url":"https:\/\/cavalerie-bikes.com\/mon-compte\/","name":"Mon compte - Cavalerie Bikes","isPartOf":{"@id":"https:\/\/cavalerie-bikes.com\/#website"},"datePublished":"2024-04-25T09:49:14+00:00","dateModified":"2024-06-26T07:16:16+00:00","breadcrumb":{"@id":"https:\/\/cavalerie-bikes.com\/mon-compte\/#breadcrumb"},"inLanguage":"en-GB","potentialAction":[{"@type":"ReadAction","target":["https:\/\/cavalerie-bikes.com\/mon-compte\/"]}]},{"@type":"BreadcrumbList","@id":"https:\/\/cavalerie-bikes.com\/mon-compte\/#breadcrumb","itemListElement":[{"@type":"ListItem","position":1,"name":"Accueil","item":"https:\/\/cavalerie-bikes.com\/"},{"@type":"ListItem","position":2,"name":"Mon compte"}]},{"@type":"WebSite","@id":"https:\/\/cavalerie-bikes.com\/#website","url":"https:\/\/cavalerie-bikes.com\/","name":"Cavalerie Bikes","description":"","publisher":{"@id":"https:\/\/cavalerie-bikes.com\/#organization"},"potentialAction":[{"@type":"SearchAction","target":{"@type":"EntryPoint","urlTemplate":"https:\/\/cavalerie-bikes.com\/?s={search_term_string}"},"query-input":{"@type":"PropertyValueSpecification","valueRequired":true,"valueName":"search_term_string"}}],"inLanguage":"en-GB"},{"@type":"Organization","@id":"https:\/\/cavalerie-bikes.com\/#organization","name":"Cavalerie Bikes","url":"https:\/\/cavalerie-bikes.com\/","logo":{"@type":"ImageObject","inLanguage":"en-GB","@id":"https:\/\/cavalerie-bikes.com\/#\/schema\/logo\/image\/","url":"https:\/\/i0.wp.com\/cavalerie-bikes.com\/wp-content\/uploads\/2024\/06\/Logo-cavalerie-typo-blanc-bleu_Plan-de-travail-1.webp?fit=1775%2C289&ssl=1","contentUrl":"https:\/\/i0.wp.com\/cavalerie-bikes.com\/wp-content\/uploads\/2024\/06\/Logo-cavalerie-typo-blanc-bleu_Plan-de-travail-1.webp?fit=1775%2C289&ssl=1","width":1775,"height":289,"caption":"Cavalerie Bikes"},"image":{"@id":"https:\/\/cavalerie-bikes.com\/#\/schema\/logo\/image\/"},"sameAs":["https:\/\/www.instagram.com\/cavalerie.bikes\/","https:\/\/www.youtube.com\/channel\/UC-48SeshySTtteVCj743--g","https:\/\/www.linkedin.com\/company\/effigear\/"]}]}},"jetpack_sharing_enabled":true,"_links":{"self":[{"href":"https:\/\/cavalerie-bikes.com\/en\/wp-json\/wp\/v2\/pages\/23","targetHints":{"allow":["GET"]}}],"collection":[{"href":"https:\/\/cavalerie-bikes.com\/en\/wp-json\/wp\/v2\/pages"}],"about":[{"href":"https:\/\/cavalerie-bikes.com\/en\/wp-json\/wp\/v2\/types\/page"}],"author":[{"embeddable":true,"href":"https:\/\/cavalerie-bikes.com\/en\/wp-json\/wp\/v2\/users\/1"}],"replies":[{"embeddable":true,"href":"https:\/\/cavalerie-bikes.com\/en\/wp-json\/wp\/v2\/comments?post=23"}],"version-history":[{"count":72,"href":"https:\/\/cavalerie-bikes.com\/en\/wp-json\/wp\/v2\/pages\/23\/revisions"}],"predecessor-version":[{"id":3255,"href":"https:\/\/cavalerie-bikes.com\/en\/wp-json\/wp\/v2\/pages\/23\/revisions\/3255"}],"wp:attachment":[{"href":"https:\/\/cavalerie-bikes.com\/en\/wp-json\/wp\/v2\/media?parent=23"}],"curies":[{"name":"wp","href":"https:\/\/api.w.org\/{rel}","templated":true}]}}